{"id":2018,"date":"2024-12-18T10:49:50","date_gmt":"2024-12-18T09:49:50","guid":{"rendered":"https:\/\/teampraxis.wien\/home\/hiv-therapie-prep-pep\/"},"modified":"2026-04-16T14:54:55","modified_gmt":"2026-04-16T12:54:55","slug":"hiv-therapy-prep-pep","status":"publish","type":"page","link":"https:\/\/teampraxis.wien\/en\/home\/hiv-therapy-prep-pep\/","title":{"rendered":"HIV Therapy &#8211; PrEP &#8211; PEP"},"content":{"rendered":"\n<h2 class=\"wp-block-heading\">HIV Therapy<\/h2>\n\n\n\n<p>&#8220;Teampraxis\u00a0im\u00a06.&#8221;\u00a0\u00a0provides care for people living with HIV and works closely with Aids\u00a0Hilfe\u00a0Haus Wien.\u00a0\u00a0Do you need HIV treatment and\u00a0don\u2019t\u00a0have valid health insurance? Please contact\u00a0Aids\u00a0Hilfe\u00a0Wien\u00a0(LINK:\u00a0<a href=\"https:\/\/aids.at\/\" target=\"_blank\" rel=\"noreferrer noopener\">https:\/\/aids.at<\/a>)\u00a0first\u00a0,\u00a0then\u00a0come to\u00a0Teampraxis\u00a0im\u00a06.\u00a0<\/p>\n\n\n\n<h3 class=\"wp-block-heading\"><strong>Some\u00a0important information\u00a0for patients living with HIV:<\/strong>\u00a0<\/h3>\n\n\n\n<p><br>\u2192\u00a0<strong>\u00a0Do you need HIV treatment and\u00a0don\u2019t\u00a0have valid health insurance? <\/strong><\/p>\n\n\n\n<p>Please contact\u00a0<a href=\"https:\/\/aids.at\">Aids\u00a0Hilfe\u00a0Wien<\/a>\u00a0first\u00a0,\u00a0then\u00a0come to\u00a0&#8220;Teampraxis\u00a0im\u00a06&#8221;.<strong>\u00a0<\/strong><\/p>\n\n\n\n<p><br><strong>\u2192\u00a0Do you need\u00a0blood testing\u00a0as an HIV patient?\u00a0<\/strong><\/p>\n\n\n\n<p>Blood tests for HIV patients are only available from Monday to Thursday.&nbsp;Unfortunately, we cannot offer appointments for blood tests for HIV-positive patients on public holidays.&nbsp;Please keep this in mind&nbsp;when booking&nbsp;your appointment!&nbsp;<\/p>\n\n\n\n<p><br><\/p>\n\n\n\n<h3 class=\"wp-block-heading\"><strong>General Information about HIV Treatment<\/strong>\u00a0<\/h3>\n\n\n\n<p>Antiretroviral therapy is a fundamental component of care for individuals living with HIV:\u00a0\u00a0<\/p>\n\n\n\n<p>This involves a combination of two or three active ingredients, usually in a single tablet, to be taken just once a day. While a complete cure for HIV infection remains elusive, recent advancements in treatment have significantly improved outcomes, with the treatment now being referred to as a chronic condition that can be managed to allow for a normal life expectancy.<\/p>\n\n\n\n<p>In the meantime, injections administered at two-month intervals are now available as an alternative to daily tablets.<\/p>\n\n\n\n<p>We are looking forward to discussing the most appropriate treatment for you during your visit.<\/p>\n\n\n\n<p id=\"block-581de9d0-d249-43d1-8d12-abc00470fc17\"><strong>Please note!<\/strong><\/p>\n\n\n\n<p id=\"block-581de9d0-d249-43d1-8d12-abc00470fc17\">Blood tests for HIV patients are only available from Monday to Thursday.\u00a0Unfortunately, we cannot offer appointments for blood tests for HIV-positive patients on public holidays.\u00a0Please keep this in mind\u00a0when booking\u00a0your appointment!\u00a0<\/p>\n\n\n\n<h2 class=\"wp-block-heading\">Pr\u00e4expositionsprophylaxe (PrEP)<\/h2>\n\n\n\n<p>Die HIV-Pr\u00e4expositionsprophylaxe verhindert bei ungesch\u00fctztem Geschlechtsverkehr eine \u00dcbertragung des HI-Virus durch die Einnahme von Medikamenten:<\/p>\n\n\n\n<p>In einer Kombinationstablette werden die Wirkstoffe Emtricitabin und Tenofovir entweder t\u00e4glich oder in einer sogenannten \u201eoff-label\u201c- Anwendung nur bei Bedarf eingenommen.<\/p>\n\n\n\n<p>Bei Vaginalverkehr wird ausschlie\u00dflich die t\u00e4gliche Einnahme empfohlen, die bedarfsweise Anwendung ist nur bei Analverkehr m\u00f6glich.<\/p>\n\n\n\n<p>Zu beachten ist, dass die PrEP nur vor einer HIV-Infektion sch\u00fctzt, nicht aber vor anderen sexuell \u00fcbertragbaren Krankheiten (STIs) wie Syphilis, Tripper (Gonokokken) oder Chlamydien-Infektionen. Der beste Schutz vor STIs ist daher nach wie vor der Gebrauch eines Kondoms!<\/p>\n\n\n\n<p>Die PrEP ist mittlerweile kostenlos bzw. wird zu 100% von den Krankenkassen r\u00fcckerstattet: F\u00fcr Beratungen (25\u20ac) und Medikamente sind ca. 50\u20ac f\u00fcr 30 St\u00fcck auszulegen.<\/p>\n\n\n\n<p>Die genaue Anwendung wird bei der medizinischen Konsultation besprochen.<\/p>\n\n\n\n<h2 class=\"wp-block-heading\">Kosten:<\/h2>\n\n\n\n<ul class=\"wp-block-list\">\n<li>\u20ac 50 \/ STI in Vertretung pro Quartal<\/li>\n\n\n\n<li> \u20ac 250 \/ STI als Privatleistung<\/li>\n\n\n\n<li> \u20ac 350 \/ STI bei Erstkonsultation<\/li>\n<\/ul>\n\n\n\n<div style=\"height:20px\" aria-hidden=\"true\" class=\"wp-block-spacer\"><\/div>\n\n\n\n<p><strong>Die deutsch-\u00f6sterreichischen Richtlinien zur PrEP finden sie hier:<\/strong><\/p>\n\n\n\n<div style=\"height:15px\" aria-hidden=\"true\" class=\"wp-block-spacer\"><\/div>\n\n\n\n<div class=\"wp-block-buttons is-layout-flex wp-block-buttons-is-layout-flex\">\n<div class=\"wp-block-button\"><a class=\"wp-block-button__link wp-element-button\" href=\"https:\/\/www.aidsgesellschaft.at\/wp-content\/uploads\/2021\/09\/Leitlinien-zur-PrEP_Stand-2018.pdf\" target=\"_blank\" rel=\"noreferrer noopener\">zum Download hier klicken<\/a><\/div>\n<\/div>\n\n\n\n<h2 class=\"wp-block-heading\"><strong>Postexpositionsprophylaxe (PEP)<\/strong><\/h2>\n\n\n\n<p>Die HIV-Postexpositionsprophylaxe ist eine Methode, die Wahrscheinlichkeit einer HIV-Infektion nach einem Risikokontakt mittels der Einnahme von Medikamenten zu verringern.<\/p>\n\n\n\n<p>H\u00e4ufig kommt die PEP bei sexuellen Risikokontakten zum Einsatz, sie kann aber auch in anderen Situationen, wie zum Beispiel bei Nadelstichverletzungen sehr hilfreich sein.<\/p>\n\n\n\n<p>Entscheidend ist, die PEP so rasch als m\u00f6glich, am besten innerhalb der ersten zwei Stunden nach dem Risikoereignis, zu beginnen. Ob ein Risiko vorliegt, das den Einsatz einer PEP rechtfertigt, wird in der medizinischen Konsultation gekl\u00e4rt.<\/p>\n\n\n\n<p>Au\u00dferhalb unserer Ordinationszeiten suchen Sie bitte umgehend eine Notfallambulanz (z.B. AKH) auf.<\/p>\n\n\n\n<div style=\"height:40px\" aria-hidden=\"true\" class=\"wp-block-spacer\"><\/div>\n\n\n\n<p><strong>Die deutsch-\u00f6sterreichischen Richtlinien zur PEP finden sie hier:<\/strong><\/p>\n\n\n\n<div style=\"height:20px\" aria-hidden=\"true\" class=\"wp-block-spacer\"><\/div>\n\n\n\n<div class=\"wp-block-buttons is-layout-flex wp-block-buttons-is-layout-flex\">\n<div class=\"wp-block-button\"><a class=\"wp-block-button__link wp-element-button\" href=\"https:\/\/www.aidsgesellschaft.at\/wp-content\/uploads\/2022\/05\/Leitlinien-zur-PEP_Stand-2022.pdf\" target=\"_blank\" rel=\"noreferrer noopener\">zum Download hier klicken<\/a><\/div>\n<\/div>\n\n\n\n<p><\/p>\n","protected":false},"excerpt":{"rendered":"<p>HIV Therapy &#8220;Teampraxis\u00a0im\u00a06.&#8221;\u00a0\u00a0provides care for people living with HIV and works closely with Aids\u00a0Hilfe\u00a0Haus Wien.\u00a0\u00a0Do you need HIV treatment and\u00a0don\u2019t\u00a0have valid health insurance? Please contact\u00a0Aids\u00a0Hilfe\u00a0Wien\u00a0(LINK:\u00a0https:\/\/aids.at)\u00a0first\u00a0,\u00a0then\u00a0come to\u00a0Teampraxis\u00a0im\u00a06.\u00a0 Some\u00a0important information\u00a0for patients living with HIV:\u00a0 \u2192\u00a0\u00a0Do you need HIV treatment and\u00a0don\u2019t\u00a0have valid health insurance? Please contact\u00a0Aids\u00a0Hilfe\u00a0Wien\u00a0first\u00a0,\u00a0then\u00a0come to\u00a0&#8220;Teampraxis\u00a0im\u00a06&#8221;.\u00a0 \u2192\u00a0Do you need\u00a0blood [&hellip;]<\/p>\n","protected":false},"author":2,"featured_media":0,"parent":1877,"menu_order":1,"comment_status":"closed","ping_status":"closed","template":"","meta":{"_acf_changed":false,"footnotes":""},"class_list":["post-2018","page","type-page","status-publish","hentry"],"acf":[],"_links":{"self":[{"href":"https:\/\/teampraxis.wien\/en\/wp-json\/wp\/v2\/pages\/2018","targetHints":{"allow":["GET"]}}],"collection":[{"href":"https:\/\/teampraxis.wien\/en\/wp-json\/wp\/v2\/pages"}],"about":[{"href":"https:\/\/teampraxis.wien\/en\/wp-json\/wp\/v2\/types\/page"}],"author":[{"embeddable":true,"href":"https:\/\/teampraxis.wien\/en\/wp-json\/wp\/v2\/users\/2"}],"replies":[{"embeddable":true,"href":"https:\/\/teampraxis.wien\/en\/wp-json\/wp\/v2\/comments?post=2018"}],"version-history":[{"count":1,"href":"https:\/\/teampraxis.wien\/en\/wp-json\/wp\/v2\/pages\/2018\/revisions"}],"predecessor-version":[{"id":2020,"href":"https:\/\/teampraxis.wien\/en\/wp-json\/wp\/v2\/pages\/2018\/revisions\/2020"}],"up":[{"embeddable":true,"href":"https:\/\/teampraxis.wien\/en\/wp-json\/wp\/v2\/pages\/1877"}],"wp:attachment":[{"href":"https:\/\/teampraxis.wien\/en\/wp-json\/wp\/v2\/media?parent=2018"}],"curies":[{"name":"wp","href":"https:\/\/api.w.org\/{rel}","templated":true}]}}