{"id":1953,"date":"2025-08-06T16:17:43","date_gmt":"2025-08-06T14:17:43","guid":{"rendered":"https:\/\/teampraxis.wien\/services\/sti-screening\/"},"modified":"2026-04-01T11:07:24","modified_gmt":"2026-04-01T09:07:24","slug":"sti-screening","status":"publish","type":"page","link":"https:\/\/teampraxis.wien\/en\/services\/sti-screening\/","title":{"rendered":"STI-Screening"},"content":{"rendered":"\n<p>Die Teampraxis im 6. bietet Untersuchungen auf sexuell \u00fcbertragbare Krankheiten an, da wir ein regelm\u00e4\u00dfiges Screening auf STIs als Teil einer modernen Gesundheitsvorsorge erachten. So haben wir Sexuelle Gesundheit zu einem unserer Schwerpunkte gemacht.&nbsp;<\/p>\n\n\n\n<p>Insbesondere <strong>bei Beschwerden <\/strong>bitten wir Sie darum, eine Untersuchung auf STIs durchzuf\u00fchren. Neben Blut- und Harnuntersuchungen werden au\u00dferdem Vaginal- und Anal-Abstriche, sowie Abstriche aus dem Rachen vorgenommen. Ein STI-Screening deckt die g\u00e4ngigsten und wichtigsten Infektionen ab:&nbsp;<\/p>\n\n\n\n<p>Untersucht wird auf HIV, Hepatitis, Syphilis (Lues), einmal j\u00e4hrlich auf Gonokokken (Tripper), sowie Chlamydien und manchmal Mykoplasmen, sowie vor allem im Vaginalbereich potenziell gesundheitsgef\u00e4hrdende Krankheitserreger wie Trichomonaden, Gardnerellen oder Candida.&nbsp;Die Entscheidung, welche Untersuchungen im jeweiligen Fall notwendig sind, kann variieren und ist von mehreren Faktoren abh\u00e4ngig.  Unser medizinisches Personal ist auf die Behandlung sexuell \u00fcbertragbarer Infektionen und Erkrankungen am neuesten Stand der Forschung ausgebildet und unterwiesen.<\/p>\n\n\n\n<p>Der Befund (Blut, Abstrich) ist zumeist innerhalb von 3 bis 4 Werktagen fertig und kann von Ihnen selbst online unter <a href=\"https:\/\/labors.at\/\" target=\"_blank\" rel=\"noreferrer noopener\">labors.at<\/a> abgerufen werden, sofern Sie vorab einen pers\u00f6nlichen Zugang zu Ihren Daten eingerichtet haben. Sollte Ihr Befund auff\u00e4llig sein, werden Sie umgehend von unserem medizinischen Personal kontaktiert und k\u00f6nnen nach Einberufung in die Ordination schnell und unkompliziert behandelt werden.&nbsp;<\/p>\n\n\n\n<p>Achtung: Sind Sie bei einer der kleinen Gesundheitskassen (SVS, BVA, KFA) versichert, wird Ihnen ein Betrag von \u20ac30 verrechnet, den Sie nicht r\u00fcckerstattet bekommen!&nbsp;<\/p>\n\n\n\n<p>Um einen besseren \u00dcberblick \u00fcber die unterschiedlich anfallenden Kosten bekommen zu k\u00f6nnen, beachten Sie bitte folgende \u00dcbersicht:<\/p>\n\n\n\n<figure class=\"wp-block-image size-full\"><img loading=\"lazy\" decoding=\"async\" width=\"561\" height=\"420\" src=\"https:\/\/teampraxis.wien\/wp-content\/uploads\/2026\/02\/STI-Checks-Kostenuebersicht-Jaen-26.png\" alt=\"grafische \u00dcbersicht zu den Kosten des Angebots STI Check\" class=\"wp-image-1833\"\/><\/figure>\n\n\n\n<div style=\"height:30px\" aria-hidden=\"true\" class=\"wp-block-spacer\"><\/div>\n\n\n\n<p><a href=\"https:\/\/teampraxis.wien\/en\/services\/\" data-type=\"page\" data-id=\"1024\">Back to Services<\/a><\/p>\n","protected":false},"excerpt":{"rendered":"<p>Die Teampraxis im 6. bietet Untersuchungen auf sexuell \u00fcbertragbare Krankheiten an, da wir ein regelm\u00e4\u00dfiges Screening auf STIs als Teil einer modernen Gesundheitsvorsorge erachten. So haben wir Sexuelle Gesundheit zu einem unserer Schwerpunkte gemacht.&nbsp; Insbesondere bei Beschwerden bitten wir Sie darum, eine Untersuchung auf STIs durchzuf\u00fchren. Neben [&hellip;]<\/p>\n","protected":false},"author":2,"featured_media":0,"parent":1885,"menu_order":6,"comment_status":"closed","ping_status":"closed","template":"","meta":{"_acf_changed":false,"footnotes":""},"class_list":["post-1953","page","type-page","status-publish","hentry"],"acf":[],"_links":{"self":[{"href":"https:\/\/teampraxis.wien\/en\/wp-json\/wp\/v2\/pages\/1953","targetHints":{"allow":["GET"]}}],"collection":[{"href":"https:\/\/teampraxis.wien\/en\/wp-json\/wp\/v2\/pages"}],"about":[{"href":"https:\/\/teampraxis.wien\/en\/wp-json\/wp\/v2\/types\/page"}],"author":[{"embeddable":true,"href":"https:\/\/teampraxis.wien\/en\/wp-json\/wp\/v2\/users\/2"}],"replies":[{"embeddable":true,"href":"https:\/\/teampraxis.wien\/en\/wp-json\/wp\/v2\/comments?post=1953"}],"version-history":[{"count":1,"href":"https:\/\/teampraxis.wien\/en\/wp-json\/wp\/v2\/pages\/1953\/revisions"}],"predecessor-version":[{"id":1954,"href":"https:\/\/teampraxis.wien\/en\/wp-json\/wp\/v2\/pages\/1953\/revisions\/1954"}],"up":[{"embeddable":true,"href":"https:\/\/teampraxis.wien\/en\/wp-json\/wp\/v2\/pages\/1885"}],"wp:attachment":[{"href":"https:\/\/teampraxis.wien\/en\/wp-json\/wp\/v2\/media?parent=1953"}],"curies":[{"name":"wp","href":"https:\/\/api.w.org\/{rel}","templated":true}]}}