{"id":1926,"date":"2024-12-13T20:30:11","date_gmt":"2024-12-13T19:30:11","guid":{"rendered":"https:\/\/teampraxis.wien\/impressum\/"},"modified":"2026-04-01T08:10:53","modified_gmt":"2026-04-01T06:10:53","slug":"legal-notice","status":"publish","type":"page","link":"https:\/\/teampraxis.wien\/en\/legal-notice\/","title":{"rendered":"Legal Notice"},"content":{"rendered":"\n<p>Information gem\u00e4\u00df \u00a7 5 E-Commerce-Gesetz und Offenlegung gem\u00e4\u00df \u00a7 25 Mediengesetz<\/p>\n\n\n\n<h2 class=\"wp-block-heading\">F\u00fcr den Inhalt verantwortlich<\/h2>\n\n\n\n<p><strong>Prim\u00e4rversorgungszentrum Breitenecker, Vasiljevic &amp; Uy<\/strong><br><strong>f\u00fcr Allgemeinmedizin GmbH<\/strong><br>Otto-Bauer-Gasse 15\/9<br>1060 Wien<br>T: 01 596 43 11<br>F: 01 596 43 11 99<\/p>\n\n\n\n<p>Mitglied der \u00c4rztekammer [cgm_medicalassociation]<br>Berufsbezeichnung: Arzt f\u00fcr Allgemeinmedizin (verliehen in \u00d6sterreich)<\/p>\n\n\n\n<p>T\u00e4tigkeit unterliegt dem Arztgesetz 1998<\/p>\n\n\n\n<p>(siehe <a href=\"https:\/\/www.ris.bka.gv.at\/bundesrecht\" target=\"_blank\" rel=\"noreferrer noopener\">RIS Rechtsinformation des Bundes<\/a>)<\/p>\n\n\n\n<h2 class=\"wp-block-heading\">Haftungshinweis<\/h2>\n\n\n\n<p>Alle auf dieser Webseite enthaltenen Informationen wurden mit gro\u00dfer Sorgfalt gepr\u00fcft. Ungeachtet dessen kann keine Garantie f\u00fcr die Richtigkeit, Vollst\u00e4ndigkeit und Aktualit\u00e4t der Angaben \u00fcbernommen werden. Eine Haftung wird daher ausgeschlossen.<\/p>\n\n\n\n<p>F\u00fcr den Inhalt von eventuell verlinkten Seiten sind ausschlie\u00dflich deren Betreiber verantwortlich.<\/p>\n\n\n\n<div style=\"height:40px\" aria-hidden=\"true\" class=\"wp-block-spacer\"><\/div>\n\n\n\n<p><strong>Konzept &amp; Design<\/strong>: <a href=\"https:\/\/typejockeys.com\/de\/\" target=\"_blank\" rel=\"noreferrer noopener\">Typejockeys<\/a><br><strong>Programmierung<\/strong>: <a href=\"https:\/\/dreiviertelneun.com\/\" target=\"_blank\" rel=\"noreferrer noopener\">DREIVIERTELNEUN Digital Design Studio<\/a><br><br><strong>Fotos \/ Bildnachweis<\/strong>: S\u00e4mtliche auf dieser Website verwendeten Fotografien wurden von <a href=\"http:\/\/www.elodiegrethen.com\" target=\"_blank\" rel=\"noreferrer noopener\">Elodie Grethen<\/a> erstellt. Die Bildrechte liegen bei der Fotografin. Eine Verwendung der Bilder ohne ausdr\u00fcckliche Genehmigung ist nicht gestattet.<\/p>\n","protected":false},"excerpt":{"rendered":"<p>Information gem\u00e4\u00df \u00a7 5 E-Commerce-Gesetz und Offenlegung gem\u00e4\u00df \u00a7 25 Mediengesetz F\u00fcr den Inhalt verantwortlich Prim\u00e4rversorgungszentrum Breitenecker, Vasiljevic &amp; Uyf\u00fcr Allgemeinmedizin GmbHOtto-Bauer-Gasse 15\/91060 WienT: 01 596 43 11F: 01 596 43 11 99 Mitglied der \u00c4rztekammer [cgm_medicalassociation]Berufsbezeichnung: Arzt f\u00fcr Allgemeinmedizin (verliehen in \u00d6sterreich) T\u00e4tigkeit unterliegt dem Arztgesetz [&hellip;]<\/p>\n","protected":false},"author":2,"featured_media":0,"parent":0,"menu_order":10,"comment_status":"closed","ping_status":"closed","template":"","meta":{"_acf_changed":false,"footnotes":""},"class_list":["post-1926","page","type-page","status-publish","hentry"],"acf":[],"_links":{"self":[{"href":"https:\/\/teampraxis.wien\/en\/wp-json\/wp\/v2\/pages\/1926","targetHints":{"allow":["GET"]}}],"collection":[{"href":"https:\/\/teampraxis.wien\/en\/wp-json\/wp\/v2\/pages"}],"about":[{"href":"https:\/\/teampraxis.wien\/en\/wp-json\/wp\/v2\/types\/page"}],"author":[{"embeddable":true,"href":"https:\/\/teampraxis.wien\/en\/wp-json\/wp\/v2\/users\/2"}],"replies":[{"embeddable":true,"href":"https:\/\/teampraxis.wien\/en\/wp-json\/wp\/v2\/comments?post=1926"}],"version-history":[{"count":2,"href":"https:\/\/teampraxis.wien\/en\/wp-json\/wp\/v2\/pages\/1926\/revisions"}],"predecessor-version":[{"id":1931,"href":"https:\/\/teampraxis.wien\/en\/wp-json\/wp\/v2\/pages\/1926\/revisions\/1931"}],"wp:attachment":[{"href":"https:\/\/teampraxis.wien\/en\/wp-json\/wp\/v2\/media?parent=1926"}],"curies":[{"name":"wp","href":"https:\/\/api.w.org\/{rel}","templated":true}]}}