{"id":1885,"date":"2025-08-06T15:58:26","date_gmt":"2025-08-06T13:58:26","guid":{"rendered":"https:\/\/teampraxis.wien\/angebot\/"},"modified":"2026-04-01T07:33:50","modified_gmt":"2026-04-01T05:33:50","slug":"services","status":"publish","type":"page","link":"https:\/\/teampraxis.wien\/en\/services\/","title":{"rendered":"Services"},"content":{"rendered":"\n<div class=\"wp-block-columns is-layout-flex wp-container-core-columns-is-layout-9d6595d7 wp-block-columns-is-layout-flex\">\n<div class=\"wp-block-column is-layout-flow wp-block-column-is-layout-flow\">\n<h1 class=\"wp-block-heading\"><strong>Prim\u00e4rversorgung mit Schwerpunkten<\/strong><\/h1>\n<\/div>\n\n\n\n<div class=\"wp-block-column is-layout-flow wp-block-column-is-layout-flow\">\n<p>Die Teampraxis im 6. ist ein Prim\u00e4rversorgungszentrum f\u00fcr Allgemeinmedizin mit speziellen Schwerpunkt\u00adsetzungen. Prim\u00e4rversorgungszentrum bedeutet, dass neben \u00c4rztinnen auch andere Berufsgruppen in die Betreuung der Patientinnen eingebunden sind. In unserem Fall sind das diplomierte Gesundheits- und Krankenpflegerinnen, Pflegeassistentinnen, Sozialarbeiterinnen, Psychologinnen, Psychotherapeutinnen, Sexualberaterinnen, Di\u00e4tologinnen und eine Juristin. <\/p>\n\n\n\n<p>Dieses multiprofessionelle Angebot wird durch die Zusammenarbeit mit dem Verein <a href=\"https:\/\/andocstelle.at\/\" target=\"_blank\" rel=\"noreferrer noopener\">an.doc.stelle<\/a> erm\u00f6glicht. Durch die Vernetzung der verschiedenen Berufsgruppen ist es m\u00f6glich, gesundheitliche Probleme ganzheitlich in Angriff zu nehmen. Wir sprechen auch von einer bio-psycho-sozialen Betreuung unserer Patientinnen.<\/p>\n<\/div>\n<\/div>\n\n\n\n<div style=\"height:30px\" aria-hidden=\"true\" class=\"wp-block-spacer\"><\/div>\n\n\n          <section class=\"block-text-accordion-image\">\n                          <div class=\"row img-left\">\n                        \n              <div class=\"col-8 col-lg-4\">\n                <div class=\"text\">\n                                                        <h2>Allgemein&shy;medizinisches Angebot<\/h2>\n                   \n                   \n                  <p class=\"medium\"><\/p>\n                <\/div>\n\n                                  <div class=\"accordion\" id=\"accordion-0\">\n\n                                          \n                      <div class=\"item\">\n                        <div class=\"header\">\n                          <button class=\"accordion-button collapsed\" type=\"button\" data-bs-toggle=\"collapse\" data-bs-target=\"#collapse-1\" aria-expanded=\"false\" aria-controls=\"collapse-1\">\n                             Vorsorgeuntersuchungen                          <\/button>\n                        <\/div>\n                        <div id=\"collapse-1\" class=\"accordion-collapse collapse\" data-bs-parent=\"#accordion-1\">\n                          <div class=\"body\">\n                            <p>Einmal j\u00e4hrlich steht jeder versicherten Person das Recht auf eine Vorsorgeuntersuchung (Gesundenuntersuchung) zu.<\/p>\n                                                      <\/div>\n                        <\/div>\n                      <\/div>\n\n                                          \n                      <div class=\"item\">\n                        <div class=\"header\">\n                          <button class=\"accordion-button collapsed\" type=\"button\" data-bs-toggle=\"collapse\" data-bs-target=\"#collapse-2\" aria-expanded=\"false\" aria-controls=\"collapse-2\">\n                             Blutabnahmen                          <\/button>\n                        <\/div>\n                        <div id=\"collapse-2\" class=\"accordion-collapse collapse\" data-bs-parent=\"#accordion-2\">\n                          <div class=\"body\">\n                            <p>Die Teampraxis im 6. f\u00fchrt t\u00e4glich nach Terminvereinbarung Blutabnahmen, sowie Harn- und Stuhluntersuchungen und Abstriche durch.<\/p>\n                                                      <\/div>\n                        <\/div>\n                      <\/div>\n\n                                          \n                      <div class=\"item\">\n                        <div class=\"header\">\n                          <button class=\"accordion-button collapsed\" type=\"button\" data-bs-toggle=\"collapse\" data-bs-target=\"#collapse-3\" aria-expanded=\"false\" aria-controls=\"collapse-3\">\n                             OP-Freigaben, EKG                          <\/button>\n                        <\/div>\n                        <div id=\"collapse-3\" class=\"accordion-collapse collapse\" data-bs-parent=\"#accordion-3\">\n                          <div class=\"body\">\n                            <p>Grunds\u00e4tzlich k\u00f6nnen in der Teampraxis im 6. die meisten OP-Freigaben durchgef\u00fchrt werden. Bei gr\u00f6\u00dferen Operationen oder bei Patient*innen mit komplexen Vorerkrankungen kann es manchmal notwendig werden, die OP-Freigabe bei einer Fach\u00e4rzt*in f\u00fcr Innere Medizin (Internist*in) zu machen. Sicherheitshalber sollte das vor jeder OP im Krankenhaus des geplanten Eingriffs erfragt werden.<\/p>\n                                                      <\/div>\n                        <\/div>\n                      <\/div>\n\n                                          \n                      <div class=\"item\">\n                        <div class=\"header\">\n                          <button class=\"accordion-button collapsed\" type=\"button\" data-bs-toggle=\"collapse\" data-bs-target=\"#collapse-4\" aria-expanded=\"false\" aria-controls=\"collapse-4\">\n                             Infusionen, Schmerztherapie                          <\/button>\n                        <\/div>\n                        <div id=\"collapse-4\" class=\"accordion-collapse collapse\" data-bs-parent=\"#accordion-4\">\n                          <div class=\"body\">\n                            <p>Infusionen, beispielsweise antibiotische Infusionen, Vitaminersatz, Schmerztherapie oder Eisen etc. werden in der Teampraxis im 6.  t\u00e4glich nach Terminvereinbarung oder nach akuter Anordnung appliziert. Infusionen erfolgen ausschlie\u00dflich nach \u00e4rztlicher Anordnung und werden von unserem Pflegepersonal begleitet. <\/p>\n                                                      <\/div>\n                        <\/div>\n                      <\/div>\n\n                                          \n                      <div class=\"item\">\n                        <div class=\"header\">\n                          <button class=\"accordion-button collapsed\" type=\"button\" data-bs-toggle=\"collapse\" data-bs-target=\"#collapse-5\" aria-expanded=\"false\" aria-controls=\"collapse-5\">\n                             Impfungen                          <\/button>\n                        <\/div>\n                        <div id=\"collapse-5\" class=\"accordion-collapse collapse\" data-bs-parent=\"#accordion-5\">\n                          <div class=\"body\">\n                            <p>COVID u. Grippe kostenlos! Alle saisonal entscheidenden Impfungen, die im \u00f6sterreichischen Impfprogramm stehen, wie beispielsweise Grippe, Covid, MMR (Mumps, Masern, R\u00f6teln), HPV&#8230;etc. werden in der Teampraxis angeboten.  <\/p>\n                                                      <\/div>\n                        <\/div>\n                      <\/div>\n\n                                          \n                      <div class=\"item\">\n                        <div class=\"header\">\n                          <button class=\"accordion-button collapsed\" type=\"button\" data-bs-toggle=\"collapse\" data-bs-target=\"#collapse-6\" aria-expanded=\"false\" aria-controls=\"collapse-6\">\n                             STI-Screening                          <\/button>\n                        <\/div>\n                        <div id=\"collapse-6\" class=\"accordion-collapse collapse\" data-bs-parent=\"#accordion-6\">\n                          <div class=\"body\">\n                            <p>Die Teampraxis im 6. bietet Untersuchungen auf sexuell \u00fcbertragbare Krankheiten an, da wir ein regelm\u00e4\u00dfiges Screening auf STIs als Teil einer modernen Gesundheitsvorsorge erachten. So haben wir Sexuelle Gesundheit zu einem unserer Schwerpunkte gemacht.<\/p>\n                                                          <p><a href=\"https:\/\/teampraxis.wien\/en\/services\/sti-screening\/\">Mehr zu STI-Screening<\/a><\/p>\n                                                      <\/div>\n                        <\/div>\n                      <\/div>\n\n                                          \n                      <div class=\"item\">\n                        <div class=\"header\">\n                          <button class=\"accordion-button collapsed\" type=\"button\" data-bs-toggle=\"collapse\" data-bs-target=\"#collapse-7\" aria-expanded=\"false\" aria-controls=\"collapse-7\">\n                             Wundversorgung                          <\/button>\n                        <\/div>\n                        <div id=\"collapse-7\" class=\"accordion-collapse collapse\" data-bs-parent=\"#accordion-7\">\n                          <div class=\"body\">\n                            <p>Die Teampraxis bietet Wundversorgung sowohl bei akuten, wie auch bei chronischen Wunden an. Die Wundversorgung wird von unserem Pflegepersonal durchgef\u00fchrt; gegebenenfalls wird ein*e \u00c4rzt*in hinzugezogen.<\/p>\n                                                      <\/div>\n                        <\/div>\n                      <\/div>\n\n                                          \n                      <div class=\"item\">\n                        <div class=\"header\">\n                          <button class=\"accordion-button collapsed\" type=\"button\" data-bs-toggle=\"collapse\" data-bs-target=\"#collapse-8\" aria-expanded=\"false\" aria-controls=\"collapse-8\">\n                             Diabetesversorgung (Therapie Aktiv)                          <\/button>\n                        <\/div>\n                        <div id=\"collapse-8\" class=\"accordion-collapse collapse\" data-bs-parent=\"#accordion-8\">\n                          <div class=\"body\">\n                            <p>Therapie Aktiv ist ein kostenloses Programm zur Gesundheitsversorgung von Patient*innen mit Diabetes Typ II.  Das Programm beinhaltet einen fixen Jahrescheck, inklusive eines Blutbefunds und einer ausf\u00fchrlichen Befundbesprechung, sowie einer regelm\u00e4\u00dfigen Kontrolle alle drei Monate. <\/p>\n                                                      <\/div>\n                        <\/div>\n                      <\/div>\n\n                                          \n                      <div class=\"item\">\n                        <div class=\"header\">\n                          <button class=\"accordion-button collapsed\" type=\"button\" data-bs-toggle=\"collapse\" data-bs-target=\"#collapse-9\" aria-expanded=\"false\" aria-controls=\"collapse-9\">\n                             Di\u00e4tologie                          <\/button>\n                        <\/div>\n                        <div id=\"collapse-9\" class=\"accordion-collapse collapse\" data-bs-parent=\"#accordion-9\">\n                          <div class=\"body\">\n                            <p>Die Teampraxis im 6. bietet in Kooperation mit dem Verein an.doc.stelle die M\u00f6glichkeit zur Ern\u00e4hrungsberatung an, die als essenzieller Baustein zur allgemeinen Gesundheit betrachtet wird. <\/p>\n                                                      <\/div>\n                        <\/div>\n                      <\/div>\n\n                    \n                  <\/div>\n                \n              <\/div>\n              <div class=\"col-8 col-lg-4\">\n                <div class=\"image\">\n                                        <img decoding=\"async\" src=\"https:\/\/teampraxis.wien\/wp-content\/uploads\/2025\/08\/medical-gespraech-suchterkrankung.jpg\" alt=\"Medical Gespr\u00e4ch Suchterkrankung mit Dr. Florian Breitenecker von der Teampraxis im 6.\" \/>\n                                  <\/div>\n              <\/div>\n            <\/div>\n          <\/section>\n\n          <section class=\"block-text-accordion-image\">\n                                      <div class=\"row img-right\">\n            \n              <div class=\"col-8 col-lg-4\">\n                <div class=\"text\">\n                                                        <h2>Angebote rund <br \/>\r\num HIV<\/h2>\n                   \n                   \n                  <p class=\"medium\"><\/p>\n                <\/div>\n\n                                  <div class=\"accordion\" id=\"accordion-0\">\n\n                                          \n                      <div class=\"item\">\n                        <div class=\"header\">\n                          <button class=\"accordion-button collapsed\" type=\"button\" data-bs-toggle=\"collapse\" data-bs-target=\"#collapse-1\" aria-expanded=\"false\" aria-controls=\"collapse-1\">\n                             HIV-Therapie                          <\/button>\n                        <\/div>\n                        <div id=\"collapse-1\" class=\"accordion-collapse collapse\" data-bs-parent=\"#accordion-1\">\n                          <div class=\"body\">\n                            <p>Die Teampraxis im 6. versorgt Menschen, die mit einer HIV-Infektion leben und kooperiert eng mit dem Aids Hilfe Haus Wien.<\/p>\n                                                      <\/div>\n                        <\/div>\n                      <\/div>\n\n                                          \n                      <div class=\"item\">\n                        <div class=\"header\">\n                          <button class=\"accordion-button collapsed\" type=\"button\" data-bs-toggle=\"collapse\" data-bs-target=\"#collapse-2\" aria-expanded=\"false\" aria-controls=\"collapse-2\">\n                             Pr\u00e4expositionsprophylaxe (PrEP)                          <\/button>\n                        <\/div>\n                        <div id=\"collapse-2\" class=\"accordion-collapse collapse\" data-bs-parent=\"#accordion-2\">\n                          <div class=\"body\">\n                            <p>Die HIV-Pr\u00e4expositionsprophylaxe verhindert bei ungesch\u00fctztem Geschlechtsverkehr eine \u00dcbertragung des HI-Virus durch die Einnahme von Medikamenten.<\/p>\n                                                      <\/div>\n                        <\/div>\n                      <\/div>\n\n                                          \n                      <div class=\"item\">\n                        <div class=\"header\">\n                          <button class=\"accordion-button collapsed\" type=\"button\" data-bs-toggle=\"collapse\" data-bs-target=\"#collapse-3\" aria-expanded=\"false\" aria-controls=\"collapse-3\">\n                             Postexpositionsprophylaxe (PEP)                          <\/button>\n                        <\/div>\n                        <div id=\"collapse-3\" class=\"accordion-collapse collapse\" data-bs-parent=\"#accordion-3\">\n                          <div class=\"body\">\n                            <p>Die HIV-Postexpositionsprophylaxe ist eine Methode, die Wahrscheinlichkeit einer HIV-Infektion nach einem Risikokontakt mittels der Einnahme von Medikamenten zu verringern.<\/p>\n                                                      <\/div>\n                        <\/div>\n                      <\/div>\n\n                    \n                  <\/div>\n                \n              <\/div>\n              <div class=\"col-8 col-lg-4\">\n                <div class=\"image\">\n                                        <img decoding=\"async\" src=\"https:\/\/teampraxis.wien\/wp-content\/uploads\/2025\/08\/arztgespraech-hiv-medikamente.jpg\" alt=\"Ein Arztgespr\u00e4ch \u00fcber HIV Medikamente mit Dr. Daniel Uy der Teampraxis im 6.\" \/>\n                                  <\/div>\n              <\/div>\n            <\/div>\n          <\/section>\n\n          <section class=\"block-text-accordion-image\">\n                          <div class=\"row img-left\">\n                        \n              <div class=\"col-8 col-lg-4\">\n                <div class=\"text\">\n                                                        <h2>Unser Angebot im Bereich sexuelle Gesundheit<\/h2>\n                   \n                   \n                  <p class=\"medium\"><\/p>\n                <\/div>\n\n                                  <div class=\"accordion\" id=\"accordion-0\">\n\n                                          \n                      <div class=\"item\">\n                        <div class=\"header\">\n                          <button class=\"accordion-button collapsed\" type=\"button\" data-bs-toggle=\"collapse\" data-bs-target=\"#collapse-1\" aria-expanded=\"false\" aria-controls=\"collapse-1\">\n                             Sexuelle Gesundheit                          <\/button>\n                        <\/div>\n                        <div id=\"collapse-1\" class=\"accordion-collapse collapse\" data-bs-parent=\"#accordion-1\">\n                          <div class=\"body\">\n                            <p>Die Teampraxis im 6. versteht sich als Anlaufstelle f\u00fcr sexuelle Gesundheit. Wir bieten Beratung, Diagnostik und Therapie bei sexuell \u00fcbertragbaren Infektionen (STI) an.<\/p>\n                                                          <p><a href=\"https:\/\/teampraxis.wien\/en\/services\/sexual-health\/\">Mehr zu Sexuelle Gesundheit<\/a><\/p>\n                                                      <\/div>\n                        <\/div>\n                      <\/div>\n\n                                          \n                      <div class=\"item\">\n                        <div class=\"header\">\n                          <button class=\"accordion-button collapsed\" type=\"button\" data-bs-toggle=\"collapse\" data-bs-target=\"#collapse-2\" aria-expanded=\"false\" aria-controls=\"collapse-2\">\n                             Sexuell \u00fcbertragbare Erkrankungen (STI)                          <\/button>\n                        <\/div>\n                        <div id=\"collapse-2\" class=\"accordion-collapse collapse\" data-bs-parent=\"#accordion-2\">\n                          <div class=\"body\">\n                            <p>Die Teampraxis im 6. bietet Untersuchungen auf sexuell \u00fcbertragbare Krankheiten (engl.: sexually transmitted diseases \u2013 STI) an. Neben Blut- und Harnuntersuchungen werden au\u00dferdem Vaginal- und Anal-Abstriche, sowie Abstriche aus dem Rachen vorgenommen.<\/p>\n                                                      <\/div>\n                        <\/div>\n                      <\/div>\n\n                    \n                  <\/div>\n                \n              <\/div>\n              <div class=\"col-8 col-lg-4\">\n                <div class=\"image\">\n                                        <img decoding=\"async\" src=\"https:\/\/teampraxis.wien\/wp-content\/uploads\/2025\/08\/blutabnahme.jpg\" alt=\"Blutabnahme in der Teampraxis Breitenecker\" \/>\n                                  <\/div>\n              <\/div>\n            <\/div>\n          <\/section>\n\n          <section class=\"block-text-accordion-image\">\n                                      <div class=\"row img-right\">\n            \n              <div class=\"col-8 col-lg-4\">\n                <div class=\"text\">\n                                                        <h2>Angebote rund <br \/>\r\num Transgender-Medizin<\/h2>\n                   \n                   \n                  <p class=\"medium\"><\/p>\n                <\/div>\n\n                                  <div class=\"accordion\" id=\"accordion-0\">\n\n                                          \n                      <div class=\"item\">\n                        <div class=\"header\">\n                          <button class=\"accordion-button collapsed\" type=\"button\" data-bs-toggle=\"collapse\" data-bs-target=\"#collapse-1\" aria-expanded=\"false\" aria-controls=\"collapse-1\">\n                             Transgender Medizin                          <\/button>\n                        <\/div>\n                        <div id=\"collapse-1\" class=\"accordion-collapse collapse\" data-bs-parent=\"#accordion-1\">\n                          <div class=\"body\">\n                            <p>Aufgrund einer schlechten Versorgungssituation f\u00fcr Menschen mit transidentem Geschlechtsempfinden (man spricht auch von Genderinkongruenz) gibt es einen sehr hohen Bedarf an Therapie- und Begleitungsangeboten f\u00fcr Menschen, die unter Genderdysphorie leiden.<\/p>\n                                                      <\/div>\n                        <\/div>\n                      <\/div>\n\n                    \n                  <\/div>\n                \n              <\/div>\n              <div class=\"col-8 col-lg-4\">\n                <div class=\"image\">\n                                        <img decoding=\"async\" src=\"https:\/\/teampraxis.wien\/wp-content\/uploads\/2025\/08\/medical-gespraech-hormontherapie-2.jpg\" alt=\"Medical Gespr\u00e4ch Hormontherapie mit DGKP Nora Breitenecker von der Teampraxis im 6.\" \/>\n                                  <\/div>\n              <\/div>\n            <\/div>\n          <\/section>\n\n          <section class=\"block-text-accordion-image\">\n                          <div class=\"row img-left\">\n                        \n              <div class=\"col-8 col-lg-4\">\n                <div class=\"text\">\n                                                        <h2>Betreuung von Menschen mit Suchterkrankungen<\/h2>\n                   \n                   \n                  <p class=\"medium\"><\/p>\n                <\/div>\n\n                                  <div class=\"accordion\" id=\"accordion-0\">\n\n                                          \n                      <div class=\"item\">\n                        <div class=\"header\">\n                          <button class=\"accordion-button collapsed\" type=\"button\" data-bs-toggle=\"collapse\" data-bs-target=\"#collapse-1\" aria-expanded=\"false\" aria-controls=\"collapse-1\">\n                             Opiat-Substitutionstherapie                          <\/button>\n                        <\/div>\n                        <div id=\"collapse-1\" class=\"accordion-collapse collapse\" data-bs-parent=\"#accordion-1\">\n                          <div class=\"body\">\n                            <p>Die Teampraxis im 6. begleitet Menschen mit Suchterkrankungen, auch diejenigen mit sexualisiertem Substanzkonsum. Bei Opiatabh\u00e4ngigkeit ist die orale Opiat-Substitutionstherapie (OST) ein zentraler Baustein einer umfassenden biopsychosozialen Versorgung.<\/p>\n                                                      <\/div>\n                        <\/div>\n                      <\/div>\n\n                                          \n                      <div class=\"item\">\n                        <div class=\"header\">\n                          <button class=\"accordion-button collapsed\" type=\"button\" data-bs-toggle=\"collapse\" data-bs-target=\"#collapse-2\" aria-expanded=\"false\" aria-controls=\"collapse-2\">\n                             Chemsex-Betreuung                          <\/button>\n                        <\/div>\n                        <div id=\"collapse-2\" class=\"accordion-collapse collapse\" data-bs-parent=\"#accordion-2\">\n                          <div class=\"body\">\n                            <p>Sexualisierter Substanzkonsum bedeutet, dass Menschen vor oder w\u00e4hrend sie Sex haben, bestimmte Drogen (zumeist Mephedron, GHL\/GBL und Crystal Meth) konsumieren. Manche Menschen entwickeln so eine schwere Suchterkrankung, die eine l\u00e4ngerfristige Therapie (Psychotherapie)) erforderlich macht. <\/p>\n                                                      <\/div>\n                        <\/div>\n                      <\/div>\n\n                    \n                  <\/div>\n                \n              <\/div>\n              <div class=\"col-8 col-lg-4\">\n                <div class=\"image\">\n                                        <img decoding=\"async\" src=\"https:\/\/teampraxis.wien\/wp-content\/uploads\/2025\/08\/arzt-untersuchung.jpg\" alt=\"Arzt Untersuchung. Der Arzt tastet Nacken und Schulterbereich der Patientin ab.\" \/>\n                                  <\/div>\n              <\/div>\n            <\/div>\n          <\/section>\n\n\n<figure class=\"wp-block-image alignfull size-full m-0\"><img loading=\"lazy\" decoding=\"async\" width=\"2560\" height=\"1229\" src=\"https:\/\/teampraxis.wien\/wp-content\/uploads\/2025\/08\/Wartezimmer-Teampraxis-1.jpg\" alt=\"\" class=\"wp-image-1412\" srcset=\"https:\/\/teampraxis.wien\/wp-content\/uploads\/2025\/08\/Wartezimmer-Teampraxis-1.jpg 2560w, https:\/\/teampraxis.wien\/wp-content\/uploads\/2025\/08\/Wartezimmer-Teampraxis-1-1200x576.jpg 1200w, https:\/\/teampraxis.wien\/wp-content\/uploads\/2025\/08\/Wartezimmer-Teampraxis-1-768x369.jpg 768w, https:\/\/teampraxis.wien\/wp-content\/uploads\/2025\/08\/Wartezimmer-Teampraxis-1-1536x737.jpg 1536w, https:\/\/teampraxis.wien\/wp-content\/uploads\/2025\/08\/Wartezimmer-Teampraxis-1-2048x983.jpg 2048w\" sizes=\"(max-width: 2560px) 100vw, 2560px\" \/><\/figure>\n","protected":false},"excerpt":{"rendered":"<p>Prim\u00e4rversorgung mit Schwerpunkten Die Teampraxis im 6. ist ein Prim\u00e4rversorgungszentrum f\u00fcr Allgemeinmedizin mit speziellen Schwerpunkt\u00adsetzungen. Prim\u00e4rversorgungszentrum bedeutet, dass neben \u00c4rztinnen auch andere Berufsgruppen in die Betreuung der Patientinnen eingebunden sind. In unserem Fall sind das diplomierte Gesundheits- und Krankenpflegerinnen, Pflegeassistentinnen, Sozialarbeiterinnen, Psychologinnen, Psychotherapeutinnen, Sexualberaterinnen, Di\u00e4tologinnen und eine [&hellip;]<\/p>\n","protected":false},"author":2,"featured_media":0,"parent":0,"menu_order":2,"comment_status":"closed","ping_status":"closed","template":"page-wide.php","meta":{"_acf_changed":false,"footnotes":""},"class_list":["post-1885","page","type-page","status-publish","hentry"],"acf":[],"_links":{"self":[{"href":"https:\/\/teampraxis.wien\/en\/wp-json\/wp\/v2\/pages\/1885","targetHints":{"allow":["GET"]}}],"collection":[{"href":"https:\/\/teampraxis.wien\/en\/wp-json\/wp\/v2\/pages"}],"about":[{"href":"https:\/\/teampraxis.wien\/en\/wp-json\/wp\/v2\/types\/page"}],"author":[{"embeddable":true,"href":"https:\/\/teampraxis.wien\/en\/wp-json\/wp\/v2\/users\/2"}],"replies":[{"embeddable":true,"href":"https:\/\/teampraxis.wien\/en\/wp-json\/wp\/v2\/comments?post=1885"}],"version-history":[{"count":1,"href":"https:\/\/teampraxis.wien\/en\/wp-json\/wp\/v2\/pages\/1885\/revisions"}],"predecessor-version":[{"id":1887,"href":"https:\/\/teampraxis.wien\/en\/wp-json\/wp\/v2\/pages\/1885\/revisions\/1887"}],"wp:attachment":[{"href":"https:\/\/teampraxis.wien\/en\/wp-json\/wp\/v2\/media?parent=1885"}],"curies":[{"name":"wp","href":"https:\/\/api.w.org\/{rel}","templated":true}]}}