{"id":1877,"date":"2024-12-13T20:29:12","date_gmt":"2024-12-13T19:29:12","guid":{"rendered":"https:\/\/teampraxis.wien\/home\/"},"modified":"2026-04-01T15:51:51","modified_gmt":"2026-04-01T13:51:51","slug":"home","status":"publish","type":"page","link":"https:\/\/teampraxis.wien\/en\/","title":{"rendered":"Home"},"content":{"rendered":"          <section class=\"block-text-accordion-image\">\n                                      <div class=\"row img-right\">\n            \n              <div class=\"col-8 col-lg-4\">\n                <div class=\"text\">\n                                      <h1>Prim\u00e4rversorgungs-<br \/>\r\nzentrum f\u00fcr Allgemeinmedizin<\/h1>\n                                     \n                   \n                  <p class=\"medium\">Dr. Breitenecker, DGKP Breitenecker, <br \/>\r\nDr. Vasiljevi\u0107, Dr. Uy<br \/>\r\n<br \/>\r\nmit folgenden Schwerpunkten:<\/p>\n                <\/div>\n\n                                  <div class=\"accordion\" id=\"accordion-0\">\n\n                                          \n                      <div class=\"item\">\n                        <div class=\"header\">\n                          <button class=\"accordion-button collapsed\" type=\"button\" data-bs-toggle=\"collapse\" data-bs-target=\"#collapse-1\" aria-expanded=\"false\" aria-controls=\"collapse-1\">\n                             HIV-Therapie \u2013  PrEP \u2013 PEP                          <\/button>\n                        <\/div>\n                        <div id=\"collapse-1\" class=\"accordion-collapse collapse\" data-bs-parent=\"#accordion-1\">\n                          <div class=\"body\">\n                            <p>Die Teampraxis im 6. versorgt Menschen, die mit einer HIV-Infektion leben, auch ohne Krankenversicherung: In diesem Fall bitte zuerst die  Aids-Hilfe-Wien aufsuchen und erst dann die Teampraxis! <\/p>\n                                                          <p><a href=\"https:\/\/teampraxis.wien\/en\/home\/hiv-therapy-prep-pep\/\">Mehr zu HIV-Therapie \u2013  PrEP \u2013 PEP<\/a><\/p>\n                                                      <\/div>\n                        <\/div>\n                      <\/div>\n\n                                          \n                      <div class=\"item\">\n                        <div class=\"header\">\n                          <button class=\"accordion-button collapsed\" type=\"button\" data-bs-toggle=\"collapse\" data-bs-target=\"#collapse-2\" aria-expanded=\"false\" aria-controls=\"collapse-2\">\n                             Sexuelle Gesundheit \u2013 STI                          <\/button>\n                        <\/div>\n                        <div id=\"collapse-2\" class=\"accordion-collapse collapse\" data-bs-parent=\"#accordion-2\">\n                          <div class=\"body\">\n                            <p>Die Teampraxis im 6. versteht sich als Anlaufstelle f\u00fcr sexuelle Gesundheit. Wir bieten Beratung, Diagnostik und Therapie bei sexuell \u00fcbertragbaren Infektionen (STI) an. <\/p>\n                                                      <\/div>\n                        <\/div>\n                      <\/div>\n\n                                          \n                      <div class=\"item\">\n                        <div class=\"header\">\n                          <button class=\"accordion-button collapsed\" type=\"button\" data-bs-toggle=\"collapse\" data-bs-target=\"#collapse-3\" aria-expanded=\"false\" aria-controls=\"collapse-3\">\n                             Transgender-Medizin                          <\/button>\n                        <\/div>\n                        <div id=\"collapse-3\" class=\"accordion-collapse collapse\" data-bs-parent=\"#accordion-3\">\n                          <div class=\"body\">\n                            <p>Transgender, transsexuelle und non-bin\u00e4re Personen k\u00f6nnen bei uns umfassend behandelt werden. Die medizinische Versorgung inkludiert auch die Hormontherapie. <\/p>\n                                                      <\/div>\n                        <\/div>\n                      <\/div>\n\n                                          \n                      <div class=\"item\">\n                        <div class=\"header\">\n                          <button class=\"accordion-button collapsed\" type=\"button\" data-bs-toggle=\"collapse\" data-bs-target=\"#collapse-4\" aria-expanded=\"false\" aria-controls=\"collapse-4\">\n                             Suchterkrankungen                          <\/button>\n                        <\/div>\n                        <div id=\"collapse-4\" class=\"accordion-collapse collapse\" data-bs-parent=\"#accordion-4\">\n                          <div class=\"body\">\n                            <p>Die Teampraxis im 6. begleitet Menschen mit Suchterkrankungen, auch diejenigen mit sexualisiertem Substanzkonsum.<\/p>\n                                                      <\/div>\n                        <\/div>\n                      <\/div>\n\n                                          \n                      <div class=\"item\">\n                        <div class=\"header\">\n                          <button class=\"accordion-button collapsed\" type=\"button\" data-bs-toggle=\"collapse\" data-bs-target=\"#collapse-5\" aria-expanded=\"false\" aria-controls=\"collapse-5\">\n                             Psychosoziale Angebote                          <\/button>\n                        <\/div>\n                        <div id=\"collapse-5\" class=\"accordion-collapse collapse\" data-bs-parent=\"#accordion-5\">\n                          <div class=\"body\">\n                            <p>Die Teampraxis im 6. versteht sich als Prim\u00e4rversorgungszentrum mit biopsychosozialer Arbeitsweise. Das bedeutet, dass neben den bio-medizinischen Interventionen den psychosozialen Aspekten einer Erkrankung gro\u00dfe Aufmerksamkeit geschenkt wird. <br>Mehr Informationen: <a href=\"https:\/\/andocstelle.at\/\" target=\"_blank\" rel=\"noreferrer noopener\">an.doc.stelle<\/a><\/p>\n                                                      <\/div>\n                        <\/div>\n                      <\/div>\n\n                    \n                  <\/div>\n                \n              <\/div>\n              <div class=\"col-8 col-lg-4\">\n                <div class=\"image\">\n                                        <img decoding=\"async\" src=\"https:\/\/teampraxis.wien\/wp-content\/uploads\/2025\/08\/Teampraxis-Geschaeftsfuehrung.jpg\" alt=\"Teamfoto der Gesch\u00e4ftsf\u00fchrung der Teampraxis im 6.\" \/>\n                                  <\/div>\n              <\/div>\n            <\/div>\n          <\/section>\n\n                <section id=\"termin\" class=\"articles-cards\">\n                  <h2>Termin buchen<br \/>\r\nAlle Kassen + Privat<\/h2>\n\n                  \n                    <div class=\"wrapper\">\n\n                      \n                        <article class=\"item\">\n                          <h3><\/h3>\n                          <div class=\"image\">\n                            <img loading=\"lazy\" decoding=\"async\" src=\"https:\/\/teampraxis.wien\/wp-content\/uploads\/2025\/04\/icon_erstordination.png\" alt=\"Icon Erstordination\" width=\"55\" height=\"55\"\/>\n                          <\/div>\n                          <div class=\"text\">\n                            <p>Erstordination, <br \/>\r\nBlutabnahme, Vorsorgeuntersuchung, Infusion\/Injektion\/Impfung, Wundversorgung, \u2026<\/p>\n                          <\/div>\n                                                                                  <a class=\"btn btn-secondary\" href=\"https:\/\/termine.meineakte.at\/bookAppointment\/9CA45BF4-A888-4FFB-8BCD-E0DD2FDB811F?groupID=575F1BA9-F2C0-42D9-9080-6C60C954BA0E\" target=\"_blank\">\n                                Buchen Sie bitte hier!                            <\/a>\n                                                  <\/article>\n\n                      \n                        <article class=\"item\">\n                          <h3><\/h3>\n                          <div class=\"image\">\n                            <img loading=\"lazy\" decoding=\"async\" src=\"https:\/\/teampraxis.wien\/wp-content\/uploads\/2024\/12\/icon_therapie.png\" alt=\"Icon Therapie\" width=\"55\" height=\"55\"\/>\n                          <\/div>\n                          <div class=\"text\">\n                            <p>Folgeordination, Befundbesprechung, Substitutionsdauerrezept, PrEP- Erstberatung, Privatordination, \u2026<\/p>\n                          <\/div>\n                                                                                  <a class=\"btn btn-secondary\" href=\"https:\/\/termine.meineakte.at\/bookAppointment\/9CA45BF4-A888-4FFB-8BCD-E0DD2FDB811F?groupID=73D31B2A-599E-4D48-B710-73DD4C6CFC7C\" target=\"_blank\">\n                                Buchen Sie bitte hier!                            <\/a>\n                                                  <\/article>\n\n                      \n                        <article class=\"item\">\n                          <h3><\/h3>\n                          <div class=\"image\">\n                            <img loading=\"lazy\" decoding=\"async\" src=\"https:\/\/teampraxis.wien\/wp-content\/uploads\/2024\/12\/icon_kalender_md.png\" alt=\"Icon Kalender\" width=\"55\" height=\"55\"\/>\n                          <\/div>\n                          <div class=\"text\">\n                            <p>Sind Sie akut erkrankt?<br \/>\r\n<br \/>\r\nBuchen Sie hier einen<br \/>\r\nunserer Kurztermine f\u00fcr <br \/>\r\nmedizinische Notf\u00e4lle!<\/p>\n                          <\/div>\n                                                                                  <a class=\"btn btn-secondary\" href=\"https:\/\/termine.meineakte.at\/bookAppointment\/9CA45BF4-A888-4FFB-8BCD-E0DD2FDB811F?Owner=218\" target=\"_blank\">\n                                Buchen Sie bitte hier!                            <\/a>\n                                                  <\/article>\n\n                       \n\n                    <\/div>\n\n                                    \n                <\/section>\n\n          <section class=\"articles-default\">\n            <h2 id=\"aktuell\">Aktuell<\/h2>\n            <div class=\"row\">\n              \n                              <article class=\"col-8 col-md-4 col-xl-2\">\n                  <div class=\"item\">\n                                          <div aria-hidden=\"true\">\n                        <a class=\"stretched-link\" href=\"https:\/\/teampraxis.wien\/en\/fsme-vaccination-campaign\/\" tabindex=\"-1\">\n                          <div class=\"visually-hidden\">Link:<\/div>\n                        <\/a>\n                      <\/div>\n                    \n                    <div class=\"text\">\n                      <h3>FSME Vaccination Campaign<\/h3>\n                      <p>f\u00fcr nur 50\u20ac bei uns in der Ordination!<\/p>\n                    <\/div>\n\n                    \t\t\t\t\t\t\t\t\t\t\t\t\t\t\t\t\t\t\t\t\t\t\t\t\t\t<div class=\"image\">\n\t\t\t\t    \t\t\t\t\t\t\t\t\t<img loading=\"lazy\" decoding=\"async\" width=\"200\" height=\"200\" src=\"https:\/\/teampraxis.wien\/wp-content\/uploads\/2025\/11\/IMG_3419-scaled-e1768483754164.jpeg\" class=\"attachment-full size-full wp-post-image\" alt=\"Injektion\" \/>\t\t\t\t    \t\t\t\t\t\t\t\t<\/div>\n\t\t\t\t\t\t\t\t\t\t\t\t\t\n                                          <a class=\"btn-arrow\" href=\"https:\/\/teampraxis.wien\/en\/fsme-vaccination-campaign\/\">\n                        <span class=\"visually-hidden\">Mehr erfahren<\/span>\n                        <span class=\"icon-forward-400\"><\/span>\n                      <\/a>\n                                      <\/div>\n                <\/article>\n              \n                          <\/div>\n          <\/section>\n\n\n<div class=\"wp-block-columns right-wider is-layout-flex wp-container-core-columns-is-layout-9d6595d7 wp-block-columns-is-layout-flex\">\n<div class=\"wp-block-column is-layout-flow wp-block-column-is-layout-flow\">\n<h2 class=\"wp-block-heading\">Ordinations\u00adzeiten<br><\/h2>\n<\/div>\n\n\n\n<div class=\"wp-block-column is-layout-flow wp-block-column-is-layout-flow\">\n<p><span class=\"has-color-2-background-color p-01\"><strong>Bitte beachten:<\/strong><\/span> Bitte buchen Sie vor Ihrem Besuch bei uns \u00fcber die Website, telefonisch oder direkt am Schalter einen Termin!<br>Wir freuen uns \u00fcber Ihren Besuch!<br><br><strong>Termine k\u00f6nnen Sie bequem hier online buchen:<\/strong><\/p>\n\n\n\n<p>F\u00fcr Erstordination, Vorsorgeuntersuchung, Blutabnahme, Infusion\/Injektion\/Impfung, Wundversorgung. <br><span class=\"icon-forward-300\"><\/span> <a href=\"https:\/\/termine.meineakte.at\/bookAppointment\/9CA45BF4-A888-4FFB-8BCD-E0DD2FDB811F?groupID=575F1BA9-F2C0-42D9-9080-6C60C954BA0E\" target=\"_blank\" rel=\"noreferrer noopener\">Buchen Sie Ihren Termin bitte HIER!<\/a><\/p>\n\n\n\n<p>Sie kommen das <a href=\"https:\/\/teampraxis.wien\/home\/ihr-erster-besuch-bei-uns\/\">erste Mal<\/a> zu uns? Hier k\u00f6nnen Sie vorab den <a href=\"https:\/\/teampraxis.wien\/wp-content\/uploads\/2025\/12\/Anamnesebogen_Deutsch-1.pdf\" target=\"_blank\" rel=\"noreferrer noopener\">Anamnesebogen <\/a>und die <a href=\"https:\/\/teampraxis.wien\/wp-content\/uploads\/2025\/12\/Einverstaendniserklaerung_Deutsch.pdf\" target=\"_blank\" rel=\"noreferrer noopener\">Datenschutzerkl\u00e4rung<\/a> ausdrucken!<\/p>\n\n\n\n<div style=\"height:30px\" aria-hidden=\"true\" class=\"wp-block-spacer\"><\/div>\n\n\n\n<p>F\u00fcr Folgeordination, Therapie Ein- bzw. Umstellung, Substitutionsdauerrezept, PrEP- Erstberatung, Arztbrief, Privatordination.<br><span class=\"icon-forward-300\"><\/span> <a href=\"https:\/\/termine.meineakte.at\/bookAppointment\/9CA45BF4-A888-4FFB-8BCD-E0DD2FDB811F?groupID=73D31B2A-599E-4D48-B710-73DD4C6CFC7C\" target=\"_blank\" rel=\"noreferrer noopener\">Buchen Sie Ihren Termin bitte HIER!<\/a><\/p>\n\n\n\n<div style=\"height:30px\" aria-hidden=\"true\" class=\"wp-block-spacer\"><\/div>\n\n\n\n<p>F\u00fcr einen unserer Kurztermine f\u00fcr medizinische Notf\u00e4lle:<br><span class=\"icon-forward-300\"><\/span>  <a href=\"https:\/\/termine.meineakte.at\/bookAppointment\/9CA45BF4-A888-4FFB-8BCD-E0DD2FDB811F?Owner=218\" target=\"_blank\" rel=\"noreferrer noopener\">Buchen Sie Ihren Termin bitte HIER!<\/a><\/p>\n\n\n\n<div style=\"height:30px\" aria-hidden=\"true\" class=\"wp-block-spacer\"><\/div>\n\n\n\n<p>Nat\u00fcrlich sind Terminbuchungen auch nach wie vor telefonisch unter <a href=\"tel:+4315964311\">01 596 43 11<\/a> m\u00f6glich!<\/p>\n\n\n\n<h3 class=\"wp-block-heading\">\u00d6ffnungszeiten:<\/h3>\n\n\n\n<p>Montag: 08 \u2013 19 Uhr<br>Dienstag: 08 \u2013 19 Uhr<br>Mittwoch: 07 \u2013 12 Uhr und 14 \u2013 19 Uhr<br>Donnerstag: 08 \u2013 19 Uhr<br>Freitag: 08 \u2013 17 Uhr<br><\/p>\n\n\n\n<div style=\"height:20px\" aria-hidden=\"true\" class=\"wp-block-spacer\"><\/div>\n<\/div>\n<\/div>\n\n\n\n<div style=\"height:30px\" aria-hidden=\"true\" class=\"wp-block-spacer\"><\/div>\n\n\n\n<section class=\"wp-block-group block-center align-narrow\"><div class=\"wp-block-group__inner-container is-layout-constrained wp-block-group-is-layout-constrained\">\n<h2 class=\"wp-block-heading has-text-align-center\">Zur Kenntnisnahme<\/h2>\n\n\n\n<hr class=\"wp-block-separator aligncenter has-alpha-channel-opacity\"\/>\n\n\n\n<p class=\"has-text-align-center\">Bei respiratorischen Symptomen<br>tragen Sie bitte eine <strong>FFP2-Maske<\/strong>.<\/p>\n\n\n\n<hr class=\"wp-block-separator has-alpha-channel-opacity\"\/>\n\n\n\n<p class=\"has-text-align-center\">Ist das Ihr erster Besuch bei uns? <a href=\"https:\/\/teampraxis.wien\/home\/ihr-erster-besuch-bei-uns\/\">Hier finden Sie n\u00fctzliche Tipps&#8230;<\/a><\/p>\n\n\n\n<hr class=\"wp-block-separator aligncenter has-alpha-channel-opacity\"\/>\n\n\n\n<p class=\"has-text-align-center\">Gebuchte Termine, die Sie <br>nicht ben\u00f6tigen, bitte wenn m\u00f6glich<br> vorher <br>per E-Mail absagen.<\/p>\n\n\n\n<hr class=\"wp-block-separator has-alpha-channel-opacity\"\/>\n\n\n\n<p class=\"has-text-align-center\"><strong>Rezepte<\/strong>&nbsp;sollen bevorzugt pers\u00f6nlich abgeholt werden. In Ausnahmef\u00e4llen kann ein elektronisches Rezept erstellt werden. <\/p>\n\n\n\n<hr class=\"wp-block-separator has-alpha-channel-opacity\"\/>\n\n\n\n<p class=\"has-text-align-center\"><strong><a href=\"https:\/\/teampraxis.wien\/angebot\/blutabnahmen\/\">Blutabnahme<\/a> f\u00fcr HIV-Patient*innen<\/strong> ist ausschlie\u00dflich Montags bis Donnerstags m\u00f6glich.<\/p>\n\n\n\n<hr class=\"wp-block-separator has-alpha-channel-opacity\"\/>\n\n\n\n<p class=\"has-text-align-center\"><strong><a href=\"https:\/\/teampraxis.wien\/angebot\/impfungen\/\">Impfung<\/a><\/strong> Bei saisonalen Impfaktionen empfehlen wir Ihnen sich vorab telefonisch zu erkundigen, ob der entsprechende Impfstoff gerade lagern ist! Wir impfen t\u00e4glich. Bei saisonalen Impfstoffen kann es jedoch zu Lieferengp\u00e4ssen kommen. Beachten Sie den privaten Kostenanteil bei manchen Impfungen!<\/p>\n\n\n\n<hr class=\"wp-block-separator has-alpha-channel-opacity\"\/>\n\n\n\n<p class=\"has-text-align-center\"><a href=\"mailto:lo@teampraxis.wien\"><strong>Schreiben Sie uns!<\/strong><\/a><\/p>\n\n\n\n<p class=\"has-text-align-center\">Haben Sie Anregungen f\u00fcr uns bez\u00fcglich der Qualit\u00e4t oder W\u00fcnsche f\u00fcr zus\u00e4tzliche Angebote? Wir freuen uns \u00fcber Ihr gesch\u00e4tztes Feedback an<a href=\"mailto: lo@teampraxis.wien\"> LO@teampraxis.wien<\/a>!<\/p>\n\n\n\n<hr class=\"wp-block-separator has-alpha-channel-opacity\"\/>\n\n\n\n<div class=\"wp-block-buttons is-content-justification-center is-layout-flex wp-container-core-buttons-is-layout-16018d1d wp-block-buttons-is-layout-flex\">\n<div class=\"wp-block-button\" id=\"Teampraxis-gegen-Rechts\"><a class=\"wp-block-button__link wp-element-button\" href=\"https:\/\/teampraxis.wien\/home\/teampraxis-gegen-rechts\/\" target=\"_blank\" rel=\"noreferrer noopener\">Teampraxis gegen Rechts \u2013<br>eine politische Stellungnahme<\/a><\/div>\n<\/div>\n<\/div><\/section>\n\n\n\n<figure class=\"wp-block-image alignfull size-full\"><img loading=\"lazy\" decoding=\"async\" width=\"2560\" height=\"1229\" src=\"https:\/\/teampraxis.wien\/wp-content\/uploads\/2025\/08\/intersex-include-flagge.jpg\" alt=\"\" class=\"wp-image-1432\" srcset=\"https:\/\/teampraxis.wien\/wp-content\/uploads\/2025\/08\/intersex-include-flagge.jpg 2560w, https:\/\/teampraxis.wien\/wp-content\/uploads\/2025\/08\/intersex-include-flagge-1200x576.jpg 1200w, https:\/\/teampraxis.wien\/wp-content\/uploads\/2025\/08\/intersex-include-flagge-768x369.jpg 768w, https:\/\/teampraxis.wien\/wp-content\/uploads\/2025\/08\/intersex-include-flagge-1536x737.jpg 1536w, https:\/\/teampraxis.wien\/wp-content\/uploads\/2025\/08\/intersex-include-flagge-2048x983.jpg 2048w\" sizes=\"(max-width: 2560px) 100vw, 2560px\" \/><\/figure>\n\n\n\n<div class=\"wp-block-columns right-wider is-layout-flex wp-container-core-columns-is-layout-9d6595d7 wp-block-columns-is-layout-flex\">\n<div class=\"wp-block-column is-layout-flow wp-block-column-is-layout-flow\">\n<h2 class=\"wp-block-heading\">Der Mensch steht im Vordergrund!<\/h2>\n<\/div>\n\n\n\n<div class=\"wp-block-column is-layout-flow wp-block-column-is-layout-flow\">\n<p>Unsere bio-psycho-sozialen Behandlungskonzepte werden auf Augenh\u00f6he mit den Patient*innen erarbeitet und umgesetzt. Wir arbeiten ressourcen-, nicht defizitorientiert. Gemeinsam sorgen wir daf\u00fcr Gesundheit zu erhalten, Krankheiten rechtzeitig zu diagnostizieren und ganzheitlich zu behandeln.<\/p>\n\n\n\n<p>Wir lehnen jede Form der Diskriminierung ab! Bei uns wird niemand aufgrund der Geschlechtsidentit\u00e4t, sexuellen Orientierung, nationalen Zugeh\u00f6rigkeit, Ethnie, Behinderung(en) und\/ oder sozialen Status ausgeschlossen oder schlecht behandelt.<\/p>\n\n\n\n<p>Unser Umgang untereinander und unseren Patient*innen gegen\u00fcber ist gepr\u00e4gt von Menschlichkeit, Wertsch\u00e4tzung, Hilfsbereitschaft und Toleranz.<\/p>\n\n\n\n<p>Die Mitarbeiter*innen und Patient*innen verhalten sich anderen gegen\u00fcber so, wie sie selbst gerne behandelt werden m\u00f6chten. <\/p>\n\n\n\n<p><\/p>\n<\/div>\n<\/div>\n\n\n\n<p><\/p>\n","protected":false},"excerpt":{"rendered":"<p>Ordinations\u00adzeiten Bitte beachten: Bitte buchen Sie vor Ihrem Besuch bei uns \u00fcber die Website, telefonisch oder direkt am Schalter einen Termin!Wir freuen uns \u00fcber Ihren Besuch! Termine k\u00f6nnen Sie bequem hier online buchen: F\u00fcr Erstordination, Vorsorgeuntersuchung, Blutabnahme, Infusion\/Injektion\/Impfung, Wundversorgung. Buchen Sie Ihren Termin bitte HIER! Sie kommen [&hellip;]<\/p>\n","protected":false},"author":2,"featured_media":0,"parent":0,"menu_order":1,"comment_status":"closed","ping_status":"closed","template":"","meta":{"_acf_changed":false,"footnotes":""},"class_list":["post-1877","page","type-page","status-publish","hentry"],"acf":[],"_links":{"self":[{"href":"https:\/\/teampraxis.wien\/en\/wp-json\/wp\/v2\/pages\/1877","targetHints":{"allow":["GET"]}}],"collection":[{"href":"https:\/\/teampraxis.wien\/en\/wp-json\/wp\/v2\/pages"}],"about":[{"href":"https:\/\/teampraxis.wien\/en\/wp-json\/wp\/v2\/types\/page"}],"author":[{"embeddable":true,"href":"https:\/\/teampraxis.wien\/en\/wp-json\/wp\/v2\/users\/2"}],"replies":[{"embeddable":true,"href":"https:\/\/teampraxis.wien\/en\/wp-json\/wp\/v2\/comments?post=1877"}],"version-history":[{"count":3,"href":"https:\/\/teampraxis.wien\/en\/wp-json\/wp\/v2\/pages\/1877\/revisions"}],"predecessor-version":[{"id":1967,"href":"https:\/\/teampraxis.wien\/en\/wp-json\/wp\/v2\/pages\/1877\/revisions\/1967"}],"wp:attachment":[{"href":"https:\/\/teampraxis.wien\/en\/wp-json\/wp\/v2\/media?parent=1877"}],"curies":[{"name":"wp","href":"https:\/\/api.w.org\/{rel}","templated":true}]}}